{"id":3889,"date":"2018-11-15T13:25:45","date_gmt":"2018-11-15T11:25:45","guid":{"rendered":"https:\/\/bodegasmarinacosta.com\/en\/?post_type=product&#038;p=3889"},"modified":"2018-12-03T17:32:38","modified_gmt":"2018-12-03T15:32:38","slug":"anchoa-del-cantabrico","status":"publish","type":"product","link":"https:\/\/bodegasmarinacosta.com\/en\/producto\/anchoa-del-cantabrico\/","title":{"rendered":"Anchoa del Cant\u00e1brico &#8220;00&#8221; 50 lomos Bandeja 350g"},"content":{"rendered":"<p><img loading=\"lazy\" decoding=\"async\" class=\"alignnone wp-image-3932 size-full\" src=\"https:\/\/bodegasmarinacosta.com\/en\/wp-content\/uploads\/2018\/11\/anchoas-Marin-Acosta01.jpg\" alt=\"\" width=\"2500\" height=\"255\" srcset=\"https:\/\/bodegasmarinacosta.com\/en\/wp-content\/uploads\/2018\/11\/anchoas-Marin-Acosta01.jpg 2500w, https:\/\/bodegasmarinacosta.com\/en\/wp-content\/uploads\/2018\/11\/anchoas-Marin-Acosta01-300x31.jpg 300w, https:\/\/bodegasmarinacosta.com\/en\/wp-content\/uploads\/2018\/11\/anchoas-Marin-Acosta01-768x78.jpg 768w, https:\/\/bodegasmarinacosta.com\/en\/wp-content\/uploads\/2018\/11\/anchoas-Marin-Acosta01-1024x104.jpg 1024w, https:\/\/bodegasmarinacosta.com\/en\/wp-content\/uploads\/2018\/11\/anchoas-Marin-Acosta01-600x61.jpg 600w\" sizes=\"auto, (max-width: 2500px) 100vw, 2500px\" \/><\/p>\n<p>Toda la elaboraci\u00f3n de las <strong>Anchoas Mar\u00edn Acosta Selecci\u00f3n<\/strong>, se realiza por m\u00e9todos completamente tradicionales y artesanales, dedicando a cada lomo de anchoa el tiempo necesario para, por un lado, bajar la concentraci\u00f3n de sal, y por otro, eliminar todas las espinas y conseguir en definitiva, los mejores aromas de la pesca.<\/p>\n<p>Nuestro sistema de elaboraci\u00f3n artesanal es el id\u00f3neo para conservar en su m\u00e1xima pureza las propiedades y el sabor aut\u00e9ntico de nuestras anchoas.<\/p>\n<p><img loading=\"lazy\" decoding=\"async\" class=\"alignnone wp-image-3931 size-full\" src=\"https:\/\/bodegasmarinacosta.com\/en\/wp-content\/uploads\/2018\/11\/anchoas-Marin-Acosta00.jpg\" alt=\"\" width=\"1200\" height=\"541\" srcset=\"https:\/\/bodegasmarinacosta.com\/en\/wp-content\/uploads\/2018\/11\/anchoas-Marin-Acosta00.jpg 1200w, https:\/\/bodegasmarinacosta.com\/en\/wp-content\/uploads\/2018\/11\/anchoas-Marin-Acosta00-300x135.jpg 300w, https:\/\/bodegasmarinacosta.com\/en\/wp-content\/uploads\/2018\/11\/anchoas-Marin-Acosta00-768x346.jpg 768w, https:\/\/bodegasmarinacosta.com\/en\/wp-content\/uploads\/2018\/11\/anchoas-Marin-Acosta00-1024x462.jpg 1024w, https:\/\/bodegasmarinacosta.com\/en\/wp-content\/uploads\/2018\/11\/anchoas-Marin-Acosta00-600x271.jpg 600w\" sizes=\"auto, (max-width: 1200px) 100vw, 1200px\" \/><\/p>\n","protected":false},"excerpt":{"rendered":"<p>Las <strong>Anchoas\u00a0de Mar\u00edn Acosta Selecci\u00f3n<\/strong>\u00a0son anchoas 00 de la m\u00e1xima calidad. Descubre sus matices, su textura firme y flexible. Un lomo grande y selecto elaborado a mano por nuestros expertos artesanos.<br \/>\n<strong><span style=\"color: #993366;\">Presentaci\u00f3n:<\/span>\u00a050 lomos bandeja 350g.<\/strong><\/p>\n","protected":false},"featured_media":3933,"comment_status":"closed","ping_status":"closed","template":"","meta":[],"product_brand":[],"product_cat":[44],"product_tag":[88,85,83],"class_list":{"0":"post-3889","1":"product","2":"type-product","3":"status-publish","4":"has-post-thumbnail","6":"product_cat-productos-del-mar","7":"product_tag-anchoas","8":"product_tag-conservas","9":"product_tag-pescado","10":"product_shipping_class-seurfrio","11":"post-has-thumbnail","13":"first","14":"instock","15":"taxable","16":"shipping-taxable","17":"purchasable","18":"product-type-simple"},"_links":{"self":[{"href":"https:\/\/bodegasmarinacosta.com\/en\/wp-json\/wp\/v2\/product\/3889","targetHints":{"allow":["GET"]}}],"collection":[{"href":"https:\/\/bodegasmarinacosta.com\/en\/wp-json\/wp\/v2\/product"}],"about":[{"href":"https:\/\/bodegasmarinacosta.com\/en\/wp-json\/wp\/v2\/types\/product"}],"replies":[{"embeddable":true,"href":"https:\/\/bodegasmarinacosta.com\/en\/wp-json\/wp\/v2\/comments?post=3889"}],"wp:featuredmedia":[{"embeddable":true,"href":"https:\/\/bodegasmarinacosta.com\/en\/wp-json\/wp\/v2\/media\/3933"}],"wp:attachment":[{"href":"https:\/\/bodegasmarinacosta.com\/en\/wp-json\/wp\/v2\/media?parent=3889"}],"wp:term":[{"taxonomy":"product_brand","embeddable":true,"href":"https:\/\/bodegasmarinacosta.com\/en\/wp-json\/wp\/v2\/product_brand?post=3889"},{"taxonomy":"product_cat","embeddable":true,"href":"https:\/\/bodegasmarinacosta.com\/en\/wp-json\/wp\/v2\/product_cat?post=3889"},{"taxonomy":"product_tag","embeddable":true,"href":"https:\/\/bodegasmarinacosta.com\/en\/wp-json\/wp\/v2\/product_tag?post=3889"}],"curies":[{"name":"wp","href":"https:\/\/api.w.org\/{rel}","templated":true}]}}