{"id":3887,"date":"2018-11-15T13:24:21","date_gmt":"2018-11-15T11:24:21","guid":{"rendered":"https:\/\/bodegasmarinacosta.com\/en\/?post_type=product&#038;p=3887"},"modified":"2018-12-03T18:28:15","modified_gmt":"2018-12-03T16:28:15","slug":"sardina-ahumada","status":"publish","type":"product","link":"https:\/\/bodegasmarinacosta.com\/en\/producto\/sardina-ahumada\/","title":{"rendered":"Sardina ahumada Bandeja lomos"},"content":{"rendered":"<p><img loading=\"lazy\" decoding=\"async\" class=\"alignnone wp-image-3938 size-full\" src=\"https:\/\/bodegasmarinacosta.com\/en\/wp-content\/uploads\/2018\/11\/sardinas-ahumadas-Marin-Acosta01.jpg\" alt=\"\" width=\"2500\" height=\"264\" srcset=\"https:\/\/bodegasmarinacosta.com\/en\/wp-content\/uploads\/2018\/11\/sardinas-ahumadas-Marin-Acosta01.jpg 2500w, https:\/\/bodegasmarinacosta.com\/en\/wp-content\/uploads\/2018\/11\/sardinas-ahumadas-Marin-Acosta01-300x32.jpg 300w, https:\/\/bodegasmarinacosta.com\/en\/wp-content\/uploads\/2018\/11\/sardinas-ahumadas-Marin-Acosta01-768x81.jpg 768w, https:\/\/bodegasmarinacosta.com\/en\/wp-content\/uploads\/2018\/11\/sardinas-ahumadas-Marin-Acosta01-1024x108.jpg 1024w, https:\/\/bodegasmarinacosta.com\/en\/wp-content\/uploads\/2018\/11\/sardinas-ahumadas-Marin-Acosta01-600x63.jpg 600w\" sizes=\"auto, (max-width: 2500px) 100vw, 2500px\" \/><\/p>\n<p>Para la elaboraci\u00f3n de las Sardinas Ahumadas seleccionamos las de mayor tama\u00f1o y peso y las ahumamos con maderas nobles. El resultado es una sardina carnosa y brillante que destaca por su sabor suave con un ligero toque de humo, de textura tersa, fina y firme en boca.<\/p>\n<p>Todo el proceso es controlado minuciosamente desde su recepci\u00f3n, salado, ahumado y la elaboraci\u00f3n totalmente artesanal, cuidando con sumo cuidado lomo a lomo, dejando estos totalmente limpios, sin piel, ni escamas, ni espinas, hasta su envasado.<\/p>\n<p><img loading=\"lazy\" decoding=\"async\" class=\"alignnone wp-image-3937 size-full\" src=\"https:\/\/bodegasmarinacosta.com\/en\/wp-content\/uploads\/2018\/11\/sardinas-ahumadas-Marin-Acosta00.jpg\" alt=\"\" width=\"1200\" height=\"539\" srcset=\"https:\/\/bodegasmarinacosta.com\/en\/wp-content\/uploads\/2018\/11\/sardinas-ahumadas-Marin-Acosta00.jpg 1200w, https:\/\/bodegasmarinacosta.com\/en\/wp-content\/uploads\/2018\/11\/sardinas-ahumadas-Marin-Acosta00-300x135.jpg 300w, https:\/\/bodegasmarinacosta.com\/en\/wp-content\/uploads\/2018\/11\/sardinas-ahumadas-Marin-Acosta00-768x345.jpg 768w, https:\/\/bodegasmarinacosta.com\/en\/wp-content\/uploads\/2018\/11\/sardinas-ahumadas-Marin-Acosta00-1024x460.jpg 1024w, https:\/\/bodegasmarinacosta.com\/en\/wp-content\/uploads\/2018\/11\/sardinas-ahumadas-Marin-Acosta00-600x270.jpg 600w\" sizes=\"auto, (max-width: 1200px) 100vw, 1200px\" \/><\/p>\n","protected":false},"excerpt":{"rendered":"<p>La <strong>Sardina Ahumada<\/strong>\u00a0de Mar\u00edn Acosta Selecci\u00f3n son sardinas de gran tama\u00f1o procedente del mar Cant\u00e1brico. Al ahumarla a baja temperatura obtenemos un producto muy jugoso, con un equilibrio perfecto entre humo y sal.<br \/>\n<strong><span style=\"color: #993366;\">Presentaci\u00f3n:<\/span>\u00a0Bandeja 4 lomos | Bandeja 22 lomos\u00a0<\/strong><\/p>\n","protected":false},"featured_media":3939,"comment_status":"closed","ping_status":"closed","template":"","meta":[],"product_brand":[],"product_cat":[44],"product_tag":[86,87,67,85,83,84],"class_list":{"0":"post-3887","1":"product","2":"type-product","3":"status-publish","4":"has-post-thumbnail","6":"product_cat-productos-del-mar","7":"product_tag-ahumados","8":"product_tag-aperitivo","9":"product_tag-aperitivos","10":"product_tag-conservas","11":"product_tag-pescado","12":"product_tag-sardinas","13":"product_shipping_class-seurfrio","14":"post-has-thumbnail","16":"first","17":"instock","18":"taxable","19":"shipping-taxable","20":"purchasable","21":"product-type-variable"},"_links":{"self":[{"href":"https:\/\/bodegasmarinacosta.com\/en\/wp-json\/wp\/v2\/product\/3887","targetHints":{"allow":["GET"]}}],"collection":[{"href":"https:\/\/bodegasmarinacosta.com\/en\/wp-json\/wp\/v2\/product"}],"about":[{"href":"https:\/\/bodegasmarinacosta.com\/en\/wp-json\/wp\/v2\/types\/product"}],"replies":[{"embeddable":true,"href":"https:\/\/bodegasmarinacosta.com\/en\/wp-json\/wp\/v2\/comments?post=3887"}],"wp:featuredmedia":[{"embeddable":true,"href":"https:\/\/bodegasmarinacosta.com\/en\/wp-json\/wp\/v2\/media\/3939"}],"wp:attachment":[{"href":"https:\/\/bodegasmarinacosta.com\/en\/wp-json\/wp\/v2\/media?parent=3887"}],"wp:term":[{"taxonomy":"product_brand","embeddable":true,"href":"https:\/\/bodegasmarinacosta.com\/en\/wp-json\/wp\/v2\/product_brand?post=3887"},{"taxonomy":"product_cat","embeddable":true,"href":"https:\/\/bodegasmarinacosta.com\/en\/wp-json\/wp\/v2\/product_cat?post=3887"},{"taxonomy":"product_tag","embeddable":true,"href":"https:\/\/bodegasmarinacosta.com\/en\/wp-json\/wp\/v2\/product_tag?post=3887"}],"curies":[{"name":"wp","href":"https:\/\/api.w.org\/{rel}","templated":true}]}}