{"id":3885,"date":"2018-11-15T13:23:14","date_gmt":"2018-11-15T11:23:14","guid":{"rendered":"https:\/\/bodegasmarinacosta.com\/en\/?post_type=product&#038;p=3885"},"modified":"2018-12-17T11:48:51","modified_gmt":"2018-12-17T09:48:51","slug":"ventresca-de-bonito-del-norte-en-aceite-de-oliva","status":"publish","type":"product","link":"https:\/\/bodegasmarinacosta.com\/en\/producto\/ventresca-de-bonito-del-norte-en-aceite-de-oliva\/","title":{"rendered":"Ventresca de Bonito del Norte en Aceite de Oliva"},"content":{"rendered":"<p><img loading=\"lazy\" decoding=\"async\" class=\"alignnone wp-image-3922 size-full\" src=\"https:\/\/bodegasmarinacosta.com\/en\/wp-content\/uploads\/2018\/11\/Ventresca-de-bonito-Marin-Acosta01.jpg\" alt=\"\" width=\"2500\" height=\"255\" srcset=\"https:\/\/bodegasmarinacosta.com\/en\/wp-content\/uploads\/2018\/11\/Ventresca-de-bonito-Marin-Acosta01.jpg 2500w, https:\/\/bodegasmarinacosta.com\/en\/wp-content\/uploads\/2018\/11\/Ventresca-de-bonito-Marin-Acosta01-300x31.jpg 300w, https:\/\/bodegasmarinacosta.com\/en\/wp-content\/uploads\/2018\/11\/Ventresca-de-bonito-Marin-Acosta01-768x78.jpg 768w, https:\/\/bodegasmarinacosta.com\/en\/wp-content\/uploads\/2018\/11\/Ventresca-de-bonito-Marin-Acosta01-1024x104.jpg 1024w, https:\/\/bodegasmarinacosta.com\/en\/wp-content\/uploads\/2018\/11\/Ventresca-de-bonito-Marin-Acosta01-600x61.jpg 600w\" sizes=\"auto, (max-width: 2500px) 100vw, 2500px\" \/><\/p>\n<p>Bonito del Norte: Su producci\u00f3n es realizada a mano y en temporada, por lo que su consumo es a\u00fan m\u00e1s preciado. Elaborado con las mejores materias primas, es decir, capturas de la flota c\u00e1ntabra realizadas en temporada costera, en los meses estivales. El arte de pesca usado por los barcos, es el anzuelo. En este arte tradicional de pesca, los bonitos son pescados de uno en uno, con el esfuerzo de los marineros, de esta forma la carne del pez no es golpeada o ara\u00f1ada.<\/p>\n<p>Aconsejamos consumir a temperatura ambiente.<\/p>\n<p><img loading=\"lazy\" decoding=\"async\" class=\"alignnone wp-image-3927 size-full\" src=\"https:\/\/bodegasmarinacosta.com\/en\/wp-content\/uploads\/2018\/11\/Ventresca-de-bonito-Marin-Acosta00.jpg\" alt=\"\" width=\"1198\" height=\"545\" srcset=\"https:\/\/bodegasmarinacosta.com\/en\/wp-content\/uploads\/2018\/11\/Ventresca-de-bonito-Marin-Acosta00.jpg 1198w, https:\/\/bodegasmarinacosta.com\/en\/wp-content\/uploads\/2018\/11\/Ventresca-de-bonito-Marin-Acosta00-300x136.jpg 300w, https:\/\/bodegasmarinacosta.com\/en\/wp-content\/uploads\/2018\/11\/Ventresca-de-bonito-Marin-Acosta00-768x349.jpg 768w, https:\/\/bodegasmarinacosta.com\/en\/wp-content\/uploads\/2018\/11\/Ventresca-de-bonito-Marin-Acosta00-1024x466.jpg 1024w, https:\/\/bodegasmarinacosta.com\/en\/wp-content\/uploads\/2018\/11\/Ventresca-de-bonito-Marin-Acosta00-600x273.jpg 600w\" sizes=\"auto, (max-width: 1198px) 100vw, 1198px\" \/><\/p>\n","protected":false},"excerpt":{"rendered":"<p>La <strong>Ventresca de Bonito del Norte<\/strong> de Mar\u00edn Acosta Selecci\u00f3n se envasa en trozos enteros, sin filetear, lo que hace que mantenga la grasa entre sus l\u00e1minas y disponga de una textura m\u00e1s suave. Se presenta en aceite de oliva, lo que le confiere un sabor extraordinario y especial que mejora con el tiempo. Se caracteriza por su mayor proporci\u00f3n de grasa, su carne gelatinosa y laminada y su sabor intenso.<br \/>\n<strong><span style=\"color: #993366;\">Presentaci\u00f3n:<\/span>\u00a0Lata 1kg. peso bruto<\/strong><\/p>\n","protected":false},"featured_media":3925,"comment_status":"closed","ping_status":"closed","template":"","meta":[],"product_brand":[],"product_cat":[44],"product_tag":[73,80,78,81,82,71,83,79],"class_list":{"0":"post-3885","1":"product","2":"type-product","3":"status-publish","4":"has-post-thumbnail","6":"product_cat-productos-del-mar","7":"product_tag-aceite","8":"product_tag-aceite-de-oliva","9":"product_tag-bonito","10":"product_tag-consevas","11":"product_tag-latas","12":"product_tag-oliva","13":"product_tag-pescado","14":"product_tag-ventresca","15":"product_shipping_class-seur24","16":"post-has-thumbnail","18":"first","19":"instock","20":"taxable","21":"shipping-taxable","22":"purchasable","23":"product-type-simple"},"_links":{"self":[{"href":"https:\/\/bodegasmarinacosta.com\/en\/wp-json\/wp\/v2\/product\/3885","targetHints":{"allow":["GET"]}}],"collection":[{"href":"https:\/\/bodegasmarinacosta.com\/en\/wp-json\/wp\/v2\/product"}],"about":[{"href":"https:\/\/bodegasmarinacosta.com\/en\/wp-json\/wp\/v2\/types\/product"}],"replies":[{"embeddable":true,"href":"https:\/\/bodegasmarinacosta.com\/en\/wp-json\/wp\/v2\/comments?post=3885"}],"wp:featuredmedia":[{"embeddable":true,"href":"https:\/\/bodegasmarinacosta.com\/en\/wp-json\/wp\/v2\/media\/3925"}],"wp:attachment":[{"href":"https:\/\/bodegasmarinacosta.com\/en\/wp-json\/wp\/v2\/media?parent=3885"}],"wp:term":[{"taxonomy":"product_brand","embeddable":true,"href":"https:\/\/bodegasmarinacosta.com\/en\/wp-json\/wp\/v2\/product_brand?post=3885"},{"taxonomy":"product_cat","embeddable":true,"href":"https:\/\/bodegasmarinacosta.com\/en\/wp-json\/wp\/v2\/product_cat?post=3885"},{"taxonomy":"product_tag","embeddable":true,"href":"https:\/\/bodegasmarinacosta.com\/en\/wp-json\/wp\/v2\/product_tag?post=3885"}],"curies":[{"name":"wp","href":"https:\/\/api.w.org\/{rel}","templated":true}]}}