{"id":3880,"date":"2018-11-13T18:30:25","date_gmt":"2018-11-13T16:30:25","guid":{"rendered":"https:\/\/bodegasmarinacosta.com\/en\/?post_type=product&#038;p=3880"},"modified":"2018-12-03T17:34:04","modified_gmt":"2018-12-03T15:34:04","slug":"queso-de-oveja-anejo-artesano","status":"publish","type":"product","link":"https:\/\/bodegasmarinacosta.com\/en\/producto\/queso-de-oveja-anejo-artesano\/","title":{"rendered":"Queso de Oveja a\u00f1ejo artesano"},"content":{"rendered":"<p>Los Yebenes (Toledo)<br \/>\n<strong><span style=\"color: #993366;\">Curaci\u00f3n:<\/span>\u00a0<\/strong>\u00a0360 d\u00edas.<br \/>\n<strong><span style=\"color: #993366;\">Conservaci\u00f3n:<\/span>\u00a0<\/strong> Conservar refrigerado.<\/p>\n<p><img loading=\"lazy\" decoding=\"async\" class=\"alignnone wp-image-3912 size-full\" src=\"https:\/\/bodegasmarinacosta.com\/en\/wp-content\/uploads\/2018\/11\/quesos-Marin-Acosta01.jpg\" alt=\"\" width=\"1000\" height=\"460\" srcset=\"https:\/\/bodegasmarinacosta.com\/en\/wp-content\/uploads\/2018\/11\/quesos-Marin-Acosta01.jpg 1000w, https:\/\/bodegasmarinacosta.com\/en\/wp-content\/uploads\/2018\/11\/quesos-Marin-Acosta01-300x138.jpg 300w, https:\/\/bodegasmarinacosta.com\/en\/wp-content\/uploads\/2018\/11\/quesos-Marin-Acosta01-768x353.jpg 768w, https:\/\/bodegasmarinacosta.com\/en\/wp-content\/uploads\/2018\/11\/quesos-Marin-Acosta01-600x276.jpg 600w\" sizes=\"auto, (max-width: 1000px) 100vw, 1000px\" \/><\/p>\n","protected":false},"excerpt":{"rendered":"<p>El<strong> Queso de Oveja A\u00f1ejo<\/strong>\u00a0de Mar\u00edn Acosta Selecci\u00f3n es artesano y 100% natural.<br \/>\nTras un lento y controlado a\u00f1o de afinado en bodega, el queso a\u00f1ejo alcanza el mayor grado de madurez. La textura a\u00fan cremosa favorece la degustaci\u00f3n y la exaltaci\u00f3n de su potente sabor y aroma, para el deleite de los amantes del queso noble y prominente.<br \/>\n<strong><span style=\"color: #993366;\">Curaci\u00f3n:<\/span>\u00a0<\/strong>\u00a0360 d\u00edas.<br \/>\n<strong><span style=\"color: #993366;\">Presentaci\u00f3n:<\/span>\u00a0Por pieza de queso peso aprox. 2.5kg<\/strong><\/p>\n","protected":false},"featured_media":3920,"comment_status":"closed","ping_status":"closed","template":"","meta":[],"product_brand":[],"product_cat":[43],"product_tag":[76,75],"class_list":{"0":"post-3880","1":"product","2":"type-product","3":"status-publish","4":"has-post-thumbnail","6":"product_cat-productos-del-campo","7":"product_tag-leche-oveja","8":"product_tag-queso","9":"product_shipping_class-seurfrio","10":"post-has-thumbnail","12":"first","13":"instock","14":"taxable","15":"shipping-taxable","16":"purchasable","17":"product-type-simple"},"_links":{"self":[{"href":"https:\/\/bodegasmarinacosta.com\/en\/wp-json\/wp\/v2\/product\/3880","targetHints":{"allow":["GET"]}}],"collection":[{"href":"https:\/\/bodegasmarinacosta.com\/en\/wp-json\/wp\/v2\/product"}],"about":[{"href":"https:\/\/bodegasmarinacosta.com\/en\/wp-json\/wp\/v2\/types\/product"}],"replies":[{"embeddable":true,"href":"https:\/\/bodegasmarinacosta.com\/en\/wp-json\/wp\/v2\/comments?post=3880"}],"wp:featuredmedia":[{"embeddable":true,"href":"https:\/\/bodegasmarinacosta.com\/en\/wp-json\/wp\/v2\/media\/3920"}],"wp:attachment":[{"href":"https:\/\/bodegasmarinacosta.com\/en\/wp-json\/wp\/v2\/media?parent=3880"}],"wp:term":[{"taxonomy":"product_brand","embeddable":true,"href":"https:\/\/bodegasmarinacosta.com\/en\/wp-json\/wp\/v2\/product_brand?post=3880"},{"taxonomy":"product_cat","embeddable":true,"href":"https:\/\/bodegasmarinacosta.com\/en\/wp-json\/wp\/v2\/product_cat?post=3880"},{"taxonomy":"product_tag","embeddable":true,"href":"https:\/\/bodegasmarinacosta.com\/en\/wp-json\/wp\/v2\/product_tag?post=3880"}],"curies":[{"name":"wp","href":"https:\/\/api.w.org\/{rel}","templated":true}]}}