{"id":3877,"date":"2018-11-13T18:28:18","date_gmt":"2018-11-13T16:28:18","guid":{"rendered":"https:\/\/bodegasmarinacosta.com\/en\/?post_type=product&#038;p=3877"},"modified":"2018-12-03T17:35:05","modified_gmt":"2018-12-03T15:35:05","slug":"torrezno-de-soria-prefritos","status":"publish","type":"product","link":"https:\/\/bodegasmarinacosta.com\/en\/producto\/torrezno-de-soria-prefritos\/","title":{"rendered":"Torrezno de Soria prefrito entero"},"content":{"rendered":"<p><img loading=\"lazy\" decoding=\"async\" class=\"alignnone wp-image-3904 size-full\" src=\"https:\/\/bodegasmarinacosta.com\/en\/wp-content\/uploads\/2018\/11\/torreznos-Marin-Acosta02.jpg\" alt=\"\" width=\"2500\" height=\"251\" srcset=\"https:\/\/bodegasmarinacosta.com\/en\/wp-content\/uploads\/2018\/11\/torreznos-Marin-Acosta02.jpg 2500w, https:\/\/bodegasmarinacosta.com\/en\/wp-content\/uploads\/2018\/11\/torreznos-Marin-Acosta02-300x30.jpg 300w, https:\/\/bodegasmarinacosta.com\/en\/wp-content\/uploads\/2018\/11\/torreznos-Marin-Acosta02-768x77.jpg 768w, https:\/\/bodegasmarinacosta.com\/en\/wp-content\/uploads\/2018\/11\/torreznos-Marin-Acosta02-1024x103.jpg 1024w, https:\/\/bodegasmarinacosta.com\/en\/wp-content\/uploads\/2018\/11\/torreznos-Marin-Acosta02-600x60.jpg 600w\" sizes=\"auto, (max-width: 2500px) 100vw, 2500px\" \/><\/p>\n<p>La opci\u00f3n perfecta si quieres sorprender sin pasar horas en la cocina o si necesitas preparar en tiempo record la tapa favorita de tus clientes. Envasado para preservar sus caracter\u00edsticas \u00fanicas durante m\u00e1s de tres meses tras su fecha de elaboraci\u00f3n.<br \/>\nSon la opci\u00f3n perfecta para todos los establecimientos ya que ofrecen m\u00e1xima comodidad sin sacrificar ni un s\u00f3lo gramo de calidad. Hacer torreznos nunca hab\u00eda sido tan sencillo. Nuestras bandejas s\u00f3lo necesitan de 5 minutos para obtener una corteza crujiente y una fritura digna de los mejores chefs.<\/p>\n<p><strong><span style=\"color: #993366;\">Conservaci\u00f3n:<\/span>\u00a0<\/strong>Mantener en frio, entre 5 y 8\u00baC<br \/>\nSe recomienda abrir entre 20 o 30 minutos antes de su consumo a temperatura ambiente.<br \/>\n-SIN GLUTEN-<\/p>\n<h3 style=\"text-align: justify;\"><span style=\"color: #993366;\">PREPARACI\u00d3N<\/span><\/h3>\n<p>PRODUCTO PRECOCINADO<br \/>\nEn freidora, calentar el aceite a 180\u00baC En sarten, poner aceite abundante, que los pueda cubrir, y calentarlo bien hasta que comience a humear (+\/- 180\u00baC) Freir los torreznos al gusto.<\/p>\n<p><img loading=\"lazy\" decoding=\"async\" class=\"alignnone wp-image-3911 size-full\" src=\"https:\/\/bodegasmarinacosta.com\/en\/wp-content\/uploads\/2018\/11\/torreznos-Marin-Acosta01-1.jpg\" alt=\"\" width=\"1200\" height=\"548\" srcset=\"https:\/\/bodegasmarinacosta.com\/en\/wp-content\/uploads\/2018\/11\/torreznos-Marin-Acosta01-1.jpg 1200w, https:\/\/bodegasmarinacosta.com\/en\/wp-content\/uploads\/2018\/11\/torreznos-Marin-Acosta01-1-300x137.jpg 300w, https:\/\/bodegasmarinacosta.com\/en\/wp-content\/uploads\/2018\/11\/torreznos-Marin-Acosta01-1-768x351.jpg 768w, https:\/\/bodegasmarinacosta.com\/en\/wp-content\/uploads\/2018\/11\/torreznos-Marin-Acosta01-1-1024x468.jpg 1024w, https:\/\/bodegasmarinacosta.com\/en\/wp-content\/uploads\/2018\/11\/torreznos-Marin-Acosta01-1-600x274.jpg 600w\" sizes=\"auto, (max-width: 1200px) 100vw, 1200px\" \/><\/p>\n","protected":false},"excerpt":{"rendered":"<p>El &#8220;Torrezno de Soria&#8221;, es una de las joyas de la gastronom\u00eda soriana. Se trata de una pieza compuesta de crujiente y dorada corteza por un lado y tierno magro y tocino por otro, que lo convierten en un excelente manjar que conquista el paladar de todo aquel que lo prueba.<br \/>\n<strong><span style=\"color: #993366;\">Presentaci\u00f3n:<\/span>\u00a0Bandeja peso aprox. 1.2 a 1.6kg<\/strong><\/p>\n","protected":false},"featured_media":3905,"comment_status":"closed","ping_status":"closed","template":"","meta":[],"product_brand":[],"product_cat":[43],"product_tag":[74],"class_list":{"0":"post-3877","1":"product","2":"type-product","3":"status-publish","4":"has-post-thumbnail","6":"product_cat-productos-del-campo","7":"product_tag-torreznos","8":"product_shipping_class-seurfrio","9":"post-has-thumbnail","11":"first","12":"instock","13":"taxable","14":"shipping-taxable","15":"purchasable","16":"product-type-simple"},"_links":{"self":[{"href":"https:\/\/bodegasmarinacosta.com\/en\/wp-json\/wp\/v2\/product\/3877","targetHints":{"allow":["GET"]}}],"collection":[{"href":"https:\/\/bodegasmarinacosta.com\/en\/wp-json\/wp\/v2\/product"}],"about":[{"href":"https:\/\/bodegasmarinacosta.com\/en\/wp-json\/wp\/v2\/types\/product"}],"replies":[{"embeddable":true,"href":"https:\/\/bodegasmarinacosta.com\/en\/wp-json\/wp\/v2\/comments?post=3877"}],"wp:featuredmedia":[{"embeddable":true,"href":"https:\/\/bodegasmarinacosta.com\/en\/wp-json\/wp\/v2\/media\/3905"}],"wp:attachment":[{"href":"https:\/\/bodegasmarinacosta.com\/en\/wp-json\/wp\/v2\/media?parent=3877"}],"wp:term":[{"taxonomy":"product_brand","embeddable":true,"href":"https:\/\/bodegasmarinacosta.com\/en\/wp-json\/wp\/v2\/product_brand?post=3877"},{"taxonomy":"product_cat","embeddable":true,"href":"https:\/\/bodegasmarinacosta.com\/en\/wp-json\/wp\/v2\/product_cat?post=3877"},{"taxonomy":"product_tag","embeddable":true,"href":"https:\/\/bodegasmarinacosta.com\/en\/wp-json\/wp\/v2\/product_tag?post=3877"}],"curies":[{"name":"wp","href":"https:\/\/api.w.org\/{rel}","templated":true}]}}