{"id":3876,"date":"2018-11-13T18:27:42","date_gmt":"2018-11-13T16:27:42","guid":{"rendered":"https:\/\/bodegasmarinacosta.com\/en\/?post_type=product&#038;p=3876"},"modified":"2018-12-03T17:17:25","modified_gmt":"2018-12-03T15:17:25","slug":"aceite-de-oliva-virgen-extra-100-arbequina","status":"publish","type":"product","link":"https:\/\/bodegasmarinacosta.com\/en\/producto\/aceite-de-oliva-virgen-extra-100-arbequina\/","title":{"rendered":"Aceite de Oliva Virgen Extra 100% Arbequina 500ml."},"content":{"rendered":"<p><img loading=\"lazy\" decoding=\"async\" class=\"alignnone wp-image-3897 size-full\" src=\"https:\/\/bodegasmarinacosta.com\/en\/wp-content\/uploads\/2018\/11\/Aceite-de-oliva-Marin-Acosta.jpg\" alt=\"\" width=\"2500\" height=\"251\" srcset=\"https:\/\/bodegasmarinacosta.com\/en\/wp-content\/uploads\/2018\/11\/Aceite-de-oliva-Marin-Acosta.jpg 2500w, https:\/\/bodegasmarinacosta.com\/en\/wp-content\/uploads\/2018\/11\/Aceite-de-oliva-Marin-Acosta-300x30.jpg 300w, https:\/\/bodegasmarinacosta.com\/en\/wp-content\/uploads\/2018\/11\/Aceite-de-oliva-Marin-Acosta-768x77.jpg 768w, https:\/\/bodegasmarinacosta.com\/en\/wp-content\/uploads\/2018\/11\/Aceite-de-oliva-Marin-Acosta-1024x103.jpg 1024w, https:\/\/bodegasmarinacosta.com\/en\/wp-content\/uploads\/2018\/11\/Aceite-de-oliva-Marin-Acosta-600x60.jpg 600w\" sizes=\"auto, (max-width: 2500px) 100vw, 2500px\" \/><\/p>\n<p>Obtenido directamente de olivos situados en los Montes de Toledo combinando la esencia de sus montes con la sensualidad de la Arbequina.<\/p>\n<h3 style=\"text-align: justify;\"><span style=\"color: #993366;\">CATA<\/span><\/h3>\n<p>Frutado medio-intenso de aceituna verde, que transmite aromas de hierba reci\u00e9n cortada y manzana verde con matices de tomatera y alcachofa. Equilibrado y dulce, de sabor almendrado con un ligero toque final de amargo picante.<\/p>\n<h3 style=\"text-align: justify;\"><span style=\"color: #993366;\">MARIDAJE<\/span><\/h3>\n<p>De aromas sutiles y delicados, es ideal para pescado blanco y marisco (al vapor o a la plancha), para verduras crudas o cocinadas, ensaladas, gazpachos y para preparar todo tipo de ali\u00f1o. Es el aceite m\u00e1s adecuado para platos delicados (salsas, reposter\u00eda&#8230; ) y en general cualquier tipo de plato en el que se quiera evitar un fuerte sabor a aceite, pues aporta sabor sin encubrir los dem\u00e1s.<\/p>\n<p><strong><span style=\"color: #993366;\">Conservaci\u00f3n:<\/span>\u00a0<\/strong>Conservar en lugar fresco y protegido de la luz.<\/p>\n","protected":false},"excerpt":{"rendered":"<p>Aceite de Oliva Virgen Extra de la variedad 100% Arbequina de la m\u00e1s alta calidad, cuya elaboraci\u00f3n, se cuida sobremanera durante todo el proceso, desde la selecci\u00f3n de la aceituna hasta su envasado en botella de cristal oscura para protegerlo de los efectos de la luz.<br \/>\nTradicional, seductor y exquisito.<br \/>\n<strong><span style=\"color: #993366;\">Presentaci\u00f3n:<\/span>\u00a0Envase 500ml.\u00a0<\/strong><\/p>\n","protected":false},"featured_media":3898,"comment_status":"closed","ping_status":"closed","template":"","meta":[],"product_brand":[],"product_cat":[42],"product_tag":[73,69,72,71],"class_list":{"0":"post-3876","1":"product","2":"type-product","3":"status-publish","4":"has-post-thumbnail","6":"product_cat-productos-de-la-tierra","7":"product_tag-aceite","8":"product_tag-aove","9":"product_tag-arbequina","10":"product_tag-oliva","11":"product_shipping_class-seur24","12":"post-has-thumbnail","14":"first","15":"instock","16":"taxable","17":"shipping-taxable","18":"purchasable","19":"product-type-simple"},"_links":{"self":[{"href":"https:\/\/bodegasmarinacosta.com\/en\/wp-json\/wp\/v2\/product\/3876","targetHints":{"allow":["GET"]}}],"collection":[{"href":"https:\/\/bodegasmarinacosta.com\/en\/wp-json\/wp\/v2\/product"}],"about":[{"href":"https:\/\/bodegasmarinacosta.com\/en\/wp-json\/wp\/v2\/types\/product"}],"replies":[{"embeddable":true,"href":"https:\/\/bodegasmarinacosta.com\/en\/wp-json\/wp\/v2\/comments?post=3876"}],"wp:featuredmedia":[{"embeddable":true,"href":"https:\/\/bodegasmarinacosta.com\/en\/wp-json\/wp\/v2\/media\/3898"}],"wp:attachment":[{"href":"https:\/\/bodegasmarinacosta.com\/en\/wp-json\/wp\/v2\/media?parent=3876"}],"wp:term":[{"taxonomy":"product_brand","embeddable":true,"href":"https:\/\/bodegasmarinacosta.com\/en\/wp-json\/wp\/v2\/product_brand?post=3876"},{"taxonomy":"product_cat","embeddable":true,"href":"https:\/\/bodegasmarinacosta.com\/en\/wp-json\/wp\/v2\/product_cat?post=3876"},{"taxonomy":"product_tag","embeddable":true,"href":"https:\/\/bodegasmarinacosta.com\/en\/wp-json\/wp\/v2\/product_tag?post=3876"}],"curies":[{"name":"wp","href":"https:\/\/api.w.org\/{rel}","templated":true}]}}