{"id":3872,"date":"2018-11-13T18:25:15","date_gmt":"2018-11-13T16:25:15","guid":{"rendered":"https:\/\/bodegasmarinacosta.com\/en\/?post_type=product&#038;p=3872"},"modified":"2018-12-03T18:00:10","modified_gmt":"2018-12-03T16:00:10","slug":"gelee-de-rosas-gourmet","status":"publish","type":"product","link":"https:\/\/bodegasmarinacosta.com\/en\/producto\/gelee-de-rosas-gourmet\/","title":{"rendered":"Gelee de Rosas Gourmet"},"content":{"rendered":"<h3 style=\"text-align: justify;\"><span style=\"color: #993366;\">MERMELADAS Y GELEES ARTESANOS<\/span><\/h3>\n<p>Las f\u00f3rmulas y los m\u00e9todos de entonces perviven a\u00fan en las diversas especialidades conjugadas con la innovaci\u00f3n que nos caracteriza, siempre en busca de nuevas f\u00f3rmulas y nuevos sabores. En la elaboraci\u00f3n de nuestros dulces huimos de a\u00f1adir colorantes ni conservantes.<\/p>\n<p>La fruta natural es de temporada para as\u00ed conseguir el m\u00e1ximo sabor, es el principal ingrediente, acompa\u00f1ado de un menor porcentaje de az\u00facar, de esta manera conseguimos texturas y sabores aut\u00e9nticos y saludables.<\/p>\n<p><img loading=\"lazy\" decoding=\"async\" class=\"wp-image-3853 size-full aligncenter\" src=\"https:\/\/bodegasmarinacosta.com\/en\/wp-content\/uploads\/2018\/11\/mermeladas-Marin-Acosta.jpg\" alt=\"\" width=\"870\" height=\"401\" srcset=\"https:\/\/bodegasmarinacosta.com\/en\/wp-content\/uploads\/2018\/11\/mermeladas-Marin-Acosta.jpg 870w, https:\/\/bodegasmarinacosta.com\/en\/wp-content\/uploads\/2018\/11\/mermeladas-Marin-Acosta-300x138.jpg 300w, https:\/\/bodegasmarinacosta.com\/en\/wp-content\/uploads\/2018\/11\/mermeladas-Marin-Acosta-768x354.jpg 768w, https:\/\/bodegasmarinacosta.com\/en\/wp-content\/uploads\/2018\/11\/mermeladas-Marin-Acosta-600x277.jpg 600w\" sizes=\"auto, (max-width: 870px) 100vw, 870px\" \/><\/p>\n","protected":false},"excerpt":{"rendered":"<p><strong>Gelee de Rosas Gourmet <\/strong>de<strong> Mar\u00edn Acosta Selecci\u00f3n<\/strong> elaborada con productos\u00a0naturales de temporada para as\u00ed conseguir el m\u00e1ximo sabor, acompa\u00f1ado de un menor porcentaje de az\u00facar, de esta manera conseguimos texturas y sabores aut\u00e9nticos y saludables.<br \/>\n<strong><span style=\"color: #993366;\">Producto artesano 100% natural.<\/span><\/strong><br \/>\n<strong><span style=\"color: #993366;\">Presentaci\u00f3n:<\/span>\u00a0Gourmet 200g.\u00a0<\/strong><\/p>\n","protected":false},"featured_media":4005,"comment_status":"closed","ping_status":"closed","template":"","meta":[],"product_brand":[],"product_cat":[42],"product_tag":[62,64,90,65,61,93],"class_list":{"0":"post-3872","1":"product","2":"type-product","3":"status-publish","4":"has-post-thumbnail","6":"product_cat-productos-de-la-tierra","7":"product_tag-artesano","8":"product_tag-dulce","9":"product_tag-gelee","10":"product_tag-gourmet","11":"product_tag-mermelada","12":"product_tag-rosas","13":"product_shipping_class-seur24","14":"post-has-thumbnail","16":"first","17":"instock","18":"taxable","19":"shipping-taxable","20":"purchasable","21":"product-type-simple"},"_links":{"self":[{"href":"https:\/\/bodegasmarinacosta.com\/en\/wp-json\/wp\/v2\/product\/3872","targetHints":{"allow":["GET"]}}],"collection":[{"href":"https:\/\/bodegasmarinacosta.com\/en\/wp-json\/wp\/v2\/product"}],"about":[{"href":"https:\/\/bodegasmarinacosta.com\/en\/wp-json\/wp\/v2\/types\/product"}],"replies":[{"embeddable":true,"href":"https:\/\/bodegasmarinacosta.com\/en\/wp-json\/wp\/v2\/comments?post=3872"}],"wp:featuredmedia":[{"embeddable":true,"href":"https:\/\/bodegasmarinacosta.com\/en\/wp-json\/wp\/v2\/media\/4005"}],"wp:attachment":[{"href":"https:\/\/bodegasmarinacosta.com\/en\/wp-json\/wp\/v2\/media?parent=3872"}],"wp:term":[{"taxonomy":"product_brand","embeddable":true,"href":"https:\/\/bodegasmarinacosta.com\/en\/wp-json\/wp\/v2\/product_brand?post=3872"},{"taxonomy":"product_cat","embeddable":true,"href":"https:\/\/bodegasmarinacosta.com\/en\/wp-json\/wp\/v2\/product_cat?post=3872"},{"taxonomy":"product_tag","embeddable":true,"href":"https:\/\/bodegasmarinacosta.com\/en\/wp-json\/wp\/v2\/product_tag?post=3872"}],"curies":[{"name":"wp","href":"https:\/\/api.w.org\/{rel}","templated":true}]}}