{"id":3837,"date":"2018-11-13T14:41:41","date_gmt":"2018-11-13T12:41:41","guid":{"rendered":"https:\/\/bodegasmarinacosta.com\/en\/?post_type=product&#038;p=3837"},"modified":"2023-06-12T11:33:48","modified_gmt":"2023-06-12T09:33:48","slug":"iroko-crianza","status":"publish","type":"product","link":"https:\/\/bodegasmarinacosta.com\/en\/producto\/iroko-crianza\/","title":{"rendered":"Vino Iroko Crianza Rioja 75cl. (Caja 6 ud.)"},"content":{"rendered":"<p><img loading=\"lazy\" decoding=\"async\" class=\"alignnone wp-image-3992 size-full\" src=\"https:\/\/bodegasmarinacosta.com\/en\/wp-content\/uploads\/2018\/11\/Bodegas-Marin-Acosta-vino-Iroko-Crianza04.jpg\" alt=\"\" width=\"2500\" height=\"256\" srcset=\"https:\/\/bodegasmarinacosta.com\/en\/wp-content\/uploads\/2018\/11\/Bodegas-Marin-Acosta-vino-Iroko-Crianza04.jpg 2500w, https:\/\/bodegasmarinacosta.com\/en\/wp-content\/uploads\/2018\/11\/Bodegas-Marin-Acosta-vino-Iroko-Crianza04-300x31.jpg 300w, https:\/\/bodegasmarinacosta.com\/en\/wp-content\/uploads\/2018\/11\/Bodegas-Marin-Acosta-vino-Iroko-Crianza04-768x79.jpg 768w, https:\/\/bodegasmarinacosta.com\/en\/wp-content\/uploads\/2018\/11\/Bodegas-Marin-Acosta-vino-Iroko-Crianza04-1024x105.jpg 1024w, https:\/\/bodegasmarinacosta.com\/en\/wp-content\/uploads\/2018\/11\/Bodegas-Marin-Acosta-vino-Iroko-Crianza04-600x61.jpg 600w\" sizes=\"auto, (max-width: 2500px) 100vw, 2500px\" \/><\/p>\n<p>En <strong>Iroko Crianza<\/strong> se puede degustar una de las combinaciones varietales hist\u00f3ricas de Rioja, el de Tempranillo y Graciano. Cuando la naturaleza inspira la fuerza del vi\u00f1edo y el clima, la tierra de la Rioja ve como los factores de la naturaleza se al\u00edan para inspirar una maduraci\u00f3n cuidadosa de 12 meses en barricas de roble americano que consiguen expresar una excelente frescura y elegancia. Ambas se armonizan proporcionando un vino de gran finura, personalidad y potencia.<\/p>\n<h3 style=\"text-align: justify;\"><span style=\"color: #993366;\">CATA<\/span><\/h3>\n<p><strong>Iroko Crianza<\/strong> est\u00e1 plet\u00f3rico de aroma y energ\u00eda, de vitalidad y sabor. Color cereza granate con tonos rub\u00ed. En nariz proporciona elegantes aromas a especias y vainilla con buenos toques frutales, siendo equilibrado en boca, amable, sabroso, redondo, con buen ensamblaje de la madera con las frutas negras.<\/p>\n<p><strong><span style=\"color: #993366;\">Sugerencias de consumo y conservaci\u00f3n<\/span><\/strong><br \/>\n<span style=\"color: #993366;\">Temperatura: <\/span>de consumo entre 14 y 16\u00baC.<br \/>\nUn vino perfecto con todo tipo de carnes y con quesos. Adem\u00e1s resulta ideal para compartir los buenos momentos del aperitivo y el tapeo.<\/p>\n","protected":false},"excerpt":{"rendered":"<p>En <strong>Iroko Crianza<\/strong> se puede degustar una de las combinaciones varietales hist\u00f3ricas de Rioja, el de Tempranillo y Graciano. Maduraci\u00f3n cuidadosa de 12 meses en barricas de roble americano. un vino de gran finura, personalidad y potencia. Una gran relaci\u00f3n calidad precio y un verdadero placer para los sentidos.<br \/>\n<strong><span style=\"color: #993366;\">Presentaci\u00f3n:<\/span> Botella de 75 cl. en caja de 6 botellas.<\/strong><br \/>\n<span style=\"color: #993366;\">Tipo de uva:<\/span> 90% Tempranillo 10% Graciano<br \/>\n<span style=\"color: #993366;\">Grado alcoh\u00f3lico:<\/span> 13,5% Vol.<br \/>\n<a href=\"https:\/\/www.riojawine.com\/es-es\/\" target=\"_blank\" rel=\"noopener noreferrer\"><img loading=\"lazy\" decoding=\"async\" class=\"alignnone wp-image-3625 size-thumbnail\" src=\"https:\/\/bodegasmarinacosta.com\/en\/wp-content\/uploads\/2018\/11\/D.O.Ca_.Rioja-logotipo-150x150.jpg\" alt=\"\" width=\"150\" height=\"150\" srcset=\"https:\/\/bodegasmarinacosta.com\/en\/wp-content\/uploads\/2018\/11\/D.O.Ca_.Rioja-logotipo-150x150.jpg 150w, https:\/\/bodegasmarinacosta.com\/en\/wp-content\/uploads\/2018\/11\/D.O.Ca_.Rioja-logotipo-100x100.jpg 100w\" sizes=\"auto, (max-width: 150px) 100vw, 150px\" \/><\/a><\/p>\n","protected":false},"featured_media":3841,"comment_status":"closed","ping_status":"closed","template":"","meta":[],"product_brand":[],"product_cat":[45],"product_tag":[60,57,58,53,52,59,56],"class_list":{"0":"post-3837","1":"product","2":"type-product","3":"status-publish","4":"has-post-thumbnail","6":"product_cat-nuestros-vinos","7":"product_tag-crianza","8":"product_tag-graciano","9":"product_tag-rioja","10":"product_tag-tempranillo","11":"product_tag-tinto","12":"product_tag-vino-de-rioja","13":"product_tag-vino-tinto","14":"product_shipping_class-seur24","15":"post-has-thumbnail","17":"first","18":"instock","19":"featured","20":"taxable","21":"shipping-taxable","22":"purchasable","23":"product-type-simple"},"_links":{"self":[{"href":"https:\/\/bodegasmarinacosta.com\/en\/wp-json\/wp\/v2\/product\/3837","targetHints":{"allow":["GET"]}}],"collection":[{"href":"https:\/\/bodegasmarinacosta.com\/en\/wp-json\/wp\/v2\/product"}],"about":[{"href":"https:\/\/bodegasmarinacosta.com\/en\/wp-json\/wp\/v2\/types\/product"}],"replies":[{"embeddable":true,"href":"https:\/\/bodegasmarinacosta.com\/en\/wp-json\/wp\/v2\/comments?post=3837"}],"wp:featuredmedia":[{"embeddable":true,"href":"https:\/\/bodegasmarinacosta.com\/en\/wp-json\/wp\/v2\/media\/3841"}],"wp:attachment":[{"href":"https:\/\/bodegasmarinacosta.com\/en\/wp-json\/wp\/v2\/media?parent=3837"}],"wp:term":[{"taxonomy":"product_brand","embeddable":true,"href":"https:\/\/bodegasmarinacosta.com\/en\/wp-json\/wp\/v2\/product_brand?post=3837"},{"taxonomy":"product_cat","embeddable":true,"href":"https:\/\/bodegasmarinacosta.com\/en\/wp-json\/wp\/v2\/product_cat?post=3837"},{"taxonomy":"product_tag","embeddable":true,"href":"https:\/\/bodegasmarinacosta.com\/en\/wp-json\/wp\/v2\/product_tag?post=3837"}],"curies":[{"name":"wp","href":"https:\/\/api.w.org\/{rel}","templated":true}]}}