{"id":3825,"date":"2018-11-13T14:22:55","date_gmt":"2018-11-13T12:22:55","guid":{"rendered":"https:\/\/bodegasmarinacosta.com\/en\/?post_type=product&#038;p=3825"},"modified":"2023-06-12T11:34:37","modified_gmt":"2023-06-12T09:34:37","slug":"3-en-raya","status":"publish","type":"product","link":"https:\/\/bodegasmarinacosta.com\/en\/producto\/3-en-raya\/","title":{"rendered":"Vino 3 en Raya Roble Ribera del Duero 75cl. (Caja 6 ud.)"},"content":{"rendered":"<p><img loading=\"lazy\" decoding=\"async\" class=\"alignnone wp-image-3990 size-full\" src=\"https:\/\/bodegasmarinacosta.com\/en\/wp-content\/uploads\/2018\/11\/Bodegas-Marin-Acosta-vino-3-en-raya_04.jpg\" alt=\"\" width=\"2500\" height=\"258\" srcset=\"https:\/\/bodegasmarinacosta.com\/en\/wp-content\/uploads\/2018\/11\/Bodegas-Marin-Acosta-vino-3-en-raya_04.jpg 2500w, https:\/\/bodegasmarinacosta.com\/en\/wp-content\/uploads\/2018\/11\/Bodegas-Marin-Acosta-vino-3-en-raya_04-300x31.jpg 300w, https:\/\/bodegasmarinacosta.com\/en\/wp-content\/uploads\/2018\/11\/Bodegas-Marin-Acosta-vino-3-en-raya_04-768x79.jpg 768w, https:\/\/bodegasmarinacosta.com\/en\/wp-content\/uploads\/2018\/11\/Bodegas-Marin-Acosta-vino-3-en-raya_04-1024x106.jpg 1024w, https:\/\/bodegasmarinacosta.com\/en\/wp-content\/uploads\/2018\/11\/Bodegas-Marin-Acosta-vino-3-en-raya_04-600x62.jpg 600w\" sizes=\"auto, (max-width: 2500px) 100vw, 2500px\" \/><\/p>\n<h3 style=\"text-align: justify;\"><span style=\"color: #993366;\">CATA<\/span><\/h3>\n<p style=\"text-align: justify;\">Intenso color granate oscuro con reflejos viol\u00e1ceos y p\u00farpura. Limpio, brillante, de capa media-alta. En nariz expresa intensos, elegantes y complejos aromas. Los suaves tostados dan paso a una fruta negra madura, a cacaos y ahumados, a cremosas notas especiadas con una expresiva pimienta negra y toques torrefactos. De fondo, sutiles toques vegetales, minerales y toques de regaliz. Buena entrada en boca envolvente. Un vino con cuerpo, largo recorrido sabroso, intenso, sedoso y fresco. La fruta y el roble cremoso muy bien integrados. Con alg\u00fan toque goloso, buena acidez, equilibrado. Buen final con sensaciones tostadas y un retrogusto afrutado.<\/p>\n<p><strong><span style=\"color: #993366;\">Sugerencias de consumo y conservaci\u00f3n<\/span><\/strong><\/p>\n<p><span style=\"color: #993366;\">Temperatura: <\/span>de consumo entre 15 y 17\u00baC.<br \/>\nUn vino perfecto con todo tipo de guisos, Cordero asado, caza mayor, quesos curados, goulash de ternera y jam\u00f3n ib\u00e9rico. Adem\u00e1s resulta ideal para compartir los buenos momentos del aperitivo y el tapeo.<\/p>\n","protected":false},"excerpt":{"rendered":"<p>Un excelente Ribera del Duero Roble procedente de una rigurosa selecci\u00f3n de los vi\u00f1edos m\u00e1s frescos, con orientaci\u00f3n norte. Elaborado con Tempranillo 100% y una vendimia seleccionada. Vinificaci\u00f3n tradicional. Crianza de 4 meses en barricas de roble franc\u00e9s y americano. Un vino redondo: elegante, sabroso, muy agradable, que invita a disfrutarlo.<br \/>\nUna gran relaci\u00f3n calidad precio, un vino redondo, sobrio.<br \/>\n<strong><span style=\"color: #993366;\">Presentaci\u00f3n:<\/span> Botella de 75 cl. en caja de 6 botellas.<\/strong><br \/>\n<span style=\"color: #993366;\">Tipo de uva:<\/span> 100% Tempranillo<br \/>\n<span style=\"color: #993366;\">Grado alcoh\u00f3lico:<\/span> 14.5% Vol.<br \/>\n<a href=\"https:\/\/riberadelduero.es\/\" target=\"_blank\" rel=\"noopener noreferrer\"><img loading=\"lazy\" decoding=\"async\" class=\"alignnone wp-image-3550 size-thumbnail\" src=\"https:\/\/bodegasmarinacosta.com\/en\/wp-content\/uploads\/2018\/11\/do-ribera-duero-200x200-150x150.jpg\" alt=\"\" width=\"150\" height=\"150\" srcset=\"https:\/\/bodegasmarinacosta.com\/en\/wp-content\/uploads\/2018\/11\/do-ribera-duero-200x200-150x150.jpg 150w, https:\/\/bodegasmarinacosta.com\/en\/wp-content\/uploads\/2018\/11\/do-ribera-duero-200x200-100x100.jpg 100w, https:\/\/bodegasmarinacosta.com\/en\/wp-content\/uploads\/2018\/11\/do-ribera-duero-200x200.jpg 200w\" sizes=\"auto, (max-width: 150px) 100vw, 150px\" \/><\/a><\/p>\n","protected":false},"featured_media":3831,"comment_status":"closed","ping_status":"closed","template":"","meta":[],"product_brand":[],"product_cat":[45],"product_tag":[55,53,52,56,54],"class_list":{"0":"post-3825","1":"product","2":"type-product","3":"status-publish","4":"has-post-thumbnail","6":"product_cat-nuestros-vinos","7":"product_tag-ribera-del-duero","8":"product_tag-tempranillo","9":"product_tag-tinto","10":"product_tag-vino-tinto","11":"product_tag-vinos-ribera-del-duero","12":"product_shipping_class-seur24","13":"post-has-thumbnail","15":"first","16":"instock","17":"featured","18":"taxable","19":"shipping-taxable","20":"purchasable","21":"product-type-simple"},"_links":{"self":[{"href":"https:\/\/bodegasmarinacosta.com\/en\/wp-json\/wp\/v2\/product\/3825","targetHints":{"allow":["GET"]}}],"collection":[{"href":"https:\/\/bodegasmarinacosta.com\/en\/wp-json\/wp\/v2\/product"}],"about":[{"href":"https:\/\/bodegasmarinacosta.com\/en\/wp-json\/wp\/v2\/types\/product"}],"replies":[{"embeddable":true,"href":"https:\/\/bodegasmarinacosta.com\/en\/wp-json\/wp\/v2\/comments?post=3825"}],"wp:featuredmedia":[{"embeddable":true,"href":"https:\/\/bodegasmarinacosta.com\/en\/wp-json\/wp\/v2\/media\/3831"}],"wp:attachment":[{"href":"https:\/\/bodegasmarinacosta.com\/en\/wp-json\/wp\/v2\/media?parent=3825"}],"wp:term":[{"taxonomy":"product_brand","embeddable":true,"href":"https:\/\/bodegasmarinacosta.com\/en\/wp-json\/wp\/v2\/product_brand?post=3825"},{"taxonomy":"product_cat","embeddable":true,"href":"https:\/\/bodegasmarinacosta.com\/en\/wp-json\/wp\/v2\/product_cat?post=3825"},{"taxonomy":"product_tag","embeddable":true,"href":"https:\/\/bodegasmarinacosta.com\/en\/wp-json\/wp\/v2\/product_tag?post=3825"}],"curies":[{"name":"wp","href":"https:\/\/api.w.org\/{rel}","templated":true}]}}