{"id":3819,"date":"2018-11-13T13:49:43","date_gmt":"2018-11-13T11:49:43","guid":{"rendered":"https:\/\/bodegasmarinacosta.com\/en\/?post_type=product&#038;p=3819"},"modified":"2019-05-13T12:01:54","modified_gmt":"2019-05-13T10:01:54","slug":"barco-de-papel","status":"publish","type":"product","link":"https:\/\/bodegasmarinacosta.com\/en\/producto\/barco-de-papel\/","title":{"rendered":"Vino Barco de Papel Verdejo Rueda 75cl (Caja 6 ud.)"},"content":{"rendered":"<p><img loading=\"lazy\" decoding=\"async\" class=\"alignnone wp-image-3991 size-full\" src=\"https:\/\/bodegasmarinacosta.com\/en\/wp-content\/uploads\/2018\/11\/Bodegas-Marin-Acosta-vino-Barco-de-papel04.jpg\" alt=\"\" width=\"2498\" height=\"246\" srcset=\"https:\/\/bodegasmarinacosta.com\/en\/wp-content\/uploads\/2018\/11\/Bodegas-Marin-Acosta-vino-Barco-de-papel04.jpg 2498w, https:\/\/bodegasmarinacosta.com\/en\/wp-content\/uploads\/2018\/11\/Bodegas-Marin-Acosta-vino-Barco-de-papel04-300x30.jpg 300w, https:\/\/bodegasmarinacosta.com\/en\/wp-content\/uploads\/2018\/11\/Bodegas-Marin-Acosta-vino-Barco-de-papel04-768x76.jpg 768w, https:\/\/bodegasmarinacosta.com\/en\/wp-content\/uploads\/2018\/11\/Bodegas-Marin-Acosta-vino-Barco-de-papel04-1024x101.jpg 1024w, https:\/\/bodegasmarinacosta.com\/en\/wp-content\/uploads\/2018\/11\/Bodegas-Marin-Acosta-vino-Barco-de-papel04-600x59.jpg 600w\" sizes=\"auto, (max-width: 2498px) 100vw, 2498px\" \/><\/p>\n<h3 style=\"text-align: justify;\"><span style=\"color: #993366;\">CATA<\/span><\/h3>\n<p style=\"text-align: justify;\">Color amarillo pajizo con leves reflejos verdes, brillante y bien presentado, intensidad media-alta, presenta un amplio y complejo abanico arom\u00e1tico. Sus aromas son cl\u00e1sicos y poderosos, predominan las notas de fruta fresca (manzana verde), hierbas arom\u00e1ticas y flores blancas -que aportan elegancia y finura al vino, en boca de intensidad media, con un marcado car\u00e1cter varietal. Destaca las notas de fruta blanca como manzana y pera con agradables matices florales. Bien conjuntado con notas herb\u00e1ceas y bals\u00e1micas como hinojo, heno y anisados.<\/p>\n<p><strong><span style=\"color: #993366;\">Sugerencias de consumo y conservaci\u00f3n<\/span><\/strong><\/p>\n<p><span style=\"color: #993366;\">Temperatura: <\/span>de consumo entre 8 y 10\u00baC.<br \/>\nSe puede tomar solo o acompa\u00f1ar con pastas, arroces, ensaladas, quesos frescos, foie, ahumados, mariscos y pescados.<\/p>\n","protected":false},"excerpt":{"rendered":"<p>De una de las variedades m\u00e1s nobles y aut\u00f3ctonas como es la uva Verdejo y en la emblem\u00e1tica regi\u00f3n de Rueda,\u00a0 nace <strong>Barco de Papel<\/strong>. Especialmente elaborado como producto \u00fanico,\u00a0 es un vino especialmente mimado, lo que lo diferencia es tradici\u00f3n, trabajo y la personalidad de un vino con encanto propio, que sabe llegar a los paladares m\u00e1s exigentes. Las uvas proceden de vi\u00f1edos a\u00f1ejos, que junto a la climatolog\u00eda favorece la explosi\u00f3n de aromas, de sensaciones y la creaci\u00f3n de vinos \u00fanicos.<br \/>\n<strong><span style=\"color: #993366;\">Presentaci\u00f3n:<\/span> Botella de 75 cl. en caja de 6 botellas.<\/strong><br \/>\n<span style=\"color: #993366;\">Tipo de uva:<\/span> 100% Verdejo<br \/>\n<span style=\"color: #993366;\">Grado alcoh\u00f3lico:<\/span> 13% Vol.<br \/>\n<a href=\"https:\/\/www.dorueda.com\/es\/\" target=\"_blank\" rel=\"noopener noreferrer\"><img loading=\"lazy\" decoding=\"async\" class=\"alignnone wp-image-3572 size-thumbnail\" src=\"https:\/\/bodegasmarinacosta.com\/en\/wp-content\/uploads\/2018\/11\/RuedaDO200x200-150x150.png\" alt=\"\" width=\"150\" height=\"150\" srcset=\"https:\/\/bodegasmarinacosta.com\/en\/wp-content\/uploads\/2018\/11\/RuedaDO200x200-150x150.png 150w, https:\/\/bodegasmarinacosta.com\/en\/wp-content\/uploads\/2018\/11\/RuedaDO200x200-100x100.png 100w, https:\/\/bodegasmarinacosta.com\/en\/wp-content\/uploads\/2018\/11\/RuedaDO200x200.png 200w\" sizes=\"auto, (max-width: 150px) 100vw, 150px\" \/><\/a><\/p>\n","protected":false},"featured_media":3838,"comment_status":"closed","ping_status":"closed","template":"","meta":[],"product_brand":[],"product_cat":[45],"product_tag":[47,48,49,50,51],"class_list":{"0":"post-3819","1":"product","2":"type-product","3":"status-publish","4":"has-post-thumbnail","6":"product_cat-nuestros-vinos","7":"product_tag-blanco","8":"product_tag-rueda","9":"product_tag-verdejo","10":"product_tag-vino-blanco","11":"product_tag-vinos-de-rueda","12":"product_shipping_class-seur24","13":"post-has-thumbnail","15":"first","16":"instock","17":"featured","18":"taxable","19":"shipping-taxable","20":"purchasable","21":"product-type-simple"},"_links":{"self":[{"href":"https:\/\/bodegasmarinacosta.com\/en\/wp-json\/wp\/v2\/product\/3819","targetHints":{"allow":["GET"]}}],"collection":[{"href":"https:\/\/bodegasmarinacosta.com\/en\/wp-json\/wp\/v2\/product"}],"about":[{"href":"https:\/\/bodegasmarinacosta.com\/en\/wp-json\/wp\/v2\/types\/product"}],"replies":[{"embeddable":true,"href":"https:\/\/bodegasmarinacosta.com\/en\/wp-json\/wp\/v2\/comments?post=3819"}],"wp:featuredmedia":[{"embeddable":true,"href":"https:\/\/bodegasmarinacosta.com\/en\/wp-json\/wp\/v2\/media\/3838"}],"wp:attachment":[{"href":"https:\/\/bodegasmarinacosta.com\/en\/wp-json\/wp\/v2\/media?parent=3819"}],"wp:term":[{"taxonomy":"product_brand","embeddable":true,"href":"https:\/\/bodegasmarinacosta.com\/en\/wp-json\/wp\/v2\/product_brand?post=3819"},{"taxonomy":"product_cat","embeddable":true,"href":"https:\/\/bodegasmarinacosta.com\/en\/wp-json\/wp\/v2\/product_cat?post=3819"},{"taxonomy":"product_tag","embeddable":true,"href":"https:\/\/bodegasmarinacosta.com\/en\/wp-json\/wp\/v2\/product_tag?post=3819"}],"curies":[{"name":"wp","href":"https:\/\/api.w.org\/{rel}","templated":true}]}}